{"id":6910,"date":"2026-01-29T12:07:17","date_gmt":"2026-01-29T10:07:17","guid":{"rendered":"https:\/\/www.sim.upb.ro\/?page_id=6910"},"modified":"2026-01-29T12:19:41","modified_gmt":"2026-01-29T10:19:41","slug":"sesiunea-de-comunicari-stiintifice-studentesti","status":"publish","type":"page","link":"https:\/\/www.sim.upb.ro\/index.php\/sesiunea-de-comunicari-stiintifice-studentesti\/","title":{"rendered":"Sesiunea de Comunicari Stiintifice Studentesti"},"content":{"rendered":"\t\t<div data-elementor-type=\"wp-page\" data-elementor-id=\"6910\" class=\"elementor elementor-6910\">\n\t\t\t\t\t\t<section class=\"elementor-section elementor-top-section elementor-element elementor-element-df88442 elementor-section-boxed elementor-section-height-default elementor-section-height-default\" data-id=\"df88442\" data-element_type=\"section\">\n\t\t\t\t\t\t<div class=\"elementor-container elementor-column-gap-default\">\n\t\t\t\t\t<div class=\"elementor-column elementor-col-100 elementor-top-column elementor-element elementor-element-ea53c12\" data-id=\"ea53c12\" data-element_type=\"column\">\n\t\t\t<div class=\"elementor-widget-wrap elementor-element-populated\">\n\t\t\t\t\t\t<div class=\"elementor-element elementor-element-53fadab elementor-widget elementor-widget-heading\" data-id=\"53fadab\" data-element_type=\"widget\" data-widget_type=\"heading.default\">\n\t\t\t\t<div class=\"elementor-widget-container\">\n\t\t\t\t\t<h1 class=\"elementor-heading-title elementor-size-default\">Sesiunea de Comunic\u0103ri \u0218tiin\u021bifice Studen\u021be\u0219ti (SCSS)<\/h1>\t\t\t\t<\/div>\n\t\t\t\t<\/div>\n\t\t\t\t\t<\/div>\n\t\t<\/div>\n\t\t\t\t\t<\/div>\n\t\t<\/section>\n\t\t\t\t<section class=\"elementor-section elementor-top-section elementor-element elementor-element-373b6df elementor-section-boxed elementor-section-height-default elementor-section-height-default\" data-id=\"373b6df\" data-element_type=\"section\">\n\t\t\t\t\t\t<div class=\"elementor-container elementor-column-gap-default\">\n\t\t\t\t\t<div class=\"elementor-column elementor-col-100 elementor-top-column elementor-element elementor-element-67bbfac\" data-id=\"67bbfac\" data-element_type=\"column\">\n\t\t\t<div class=\"elementor-widget-wrap elementor-element-populated\">\n\t\t\t\t\t\t<div class=\"elementor-element elementor-element-4e5b95c elementor-widget elementor-widget-text-editor\" data-id=\"4e5b95c\" data-element_type=\"widget\" data-widget_type=\"text-editor.default\">\n\t\t\t\t<div class=\"elementor-widget-container\">\n\t\t\t\t\t\t\t\t\t<h2 class=\"elementToProof\">Sesiunea de Comunic\u0103ri \u0218tiin\u021bifice Studen\u021be\u0219ti (SCSS) este un eveniment anual organizat de <b>Universitatea Na\u021bional\u0103 de \u0218tiin\u021b\u0103 \u015fi Tehnologie POLITEHNICA Bucure\u0219ti<\/b>, adresat studen\u021bilor \u0219i masteranzilor din cadrul UNSTPB, precum \u0219i celor din alte centre universitare din \u021bar\u0103. Evenimentul ofer\u0103 participan\u021bilor oportunitatea de a-\u0219i prezenta rezultatele activit\u0103\u021bilor didactice \u0219i de cercetare \u00een fa\u021ba colegilor, cadrelor didactice, reprezentan\u021bilor mediului industrial \u0219i publicului larg.<\/h2><h2 class=\"elementToProof\">SCSS reprezint\u0103 un exerci\u021biu valoros pentru dezvoltarea competen\u021belor de comunicare \u0219tiin\u021bific\u0103, permi\u021b\u00e2nd studen\u021bilor s\u0103 \u00ee\u0219i expun\u0103 lucr\u0103rile (articole, sinteze, proiecte, capitole din lucr\u0103rile de absolvire) \u0219i contribuind totodat\u0103 la diseminarea informa\u021biei \u0219tiin\u021bifice \u00een mediul academic.<\/h2><h2 class=\"elementToProof\">Studen\u021bii interesa\u021bi de participarea la aceast\u0103 manifestare trebuie s\u0103 propun\u0103 tema sau lucrarea pe care doresc s\u0103 o prezinte unui cadru didactic coordonator, care va realiza \u00eenscrierea lucr\u0103rii sau va oferi suportul necesar pentru \u00eenscrierea acesteia \u00een cadrul sec\u021biunii dorite.<\/h2>\t\t\t\t\t\t\t\t<\/div>\n\t\t\t\t<\/div>\n\t\t\t\t\t<\/div>\n\t\t<\/div>\n\t\t\t\t\t<\/div>\n\t\t<\/section>\n\t\t\t\t<section class=\"elementor-section elementor-top-section elementor-element elementor-element-d127c25 elementor-section-boxed elementor-section-height-default elementor-section-height-default\" data-id=\"d127c25\" data-element_type=\"section\">\n\t\t\t\t\t\t<div class=\"elementor-container elementor-column-gap-default\">\n\t\t\t\t\t<div class=\"elementor-column elementor-col-100 elementor-top-column elementor-element elementor-element-6813892\" data-id=\"6813892\" data-element_type=\"column\">\n\t\t\t<div class=\"elementor-widget-wrap elementor-element-populated\">\n\t\t\t\t\t\t<div class=\"elementor-element elementor-element-65964b1 elementor-widget elementor-widget-heading\" data-id=\"65964b1\" data-element_type=\"widget\" data-widget_type=\"heading.default\">\n\t\t\t\t<div class=\"elementor-widget-container\">\n\t\t\t\t\t<h2 class=\"elementor-heading-title elementor-size-default\">SEC\u021aIUNEA B10-1 INGINERIA OB\u021aINERII MATERIALELOR METALICE<\/h2>\t\t\t\t<\/div>\n\t\t\t\t<\/div>\n\t\t\t\t\t<\/div>\n\t\t<\/div>\n\t\t\t\t\t<\/div>\n\t\t<\/section>\n\t\t\t\t<section class=\"elementor-section elementor-top-section elementor-element elementor-element-35528c9 elementor-section-boxed elementor-section-height-default elementor-section-height-default\" data-id=\"35528c9\" data-element_type=\"section\">\n\t\t\t\t\t\t<div class=\"elementor-container elementor-column-gap-default\">\n\t\t\t\t\t<div class=\"elementor-column elementor-col-100 elementor-top-column elementor-element elementor-element-c235c9e\" data-id=\"c235c9e\" data-element_type=\"column\">\n\t\t\t<div class=\"elementor-widget-wrap elementor-element-populated\">\n\t\t\t\t\t\t<div class=\"elementor-element elementor-element-7711706 elementor-widget elementor-widget-text-editor\" data-id=\"7711706\" data-element_type=\"widget\" data-widget_type=\"text-editor.default\">\n\t\t\t\t<div class=\"elementor-widget-container\">\n\t\t\t\t\t\t\t\t\t<h3>Tematic\u0103 abordat\u0103 \u00een aceast\u0103 sec\u021biune abordeaz\u0103 urm\u0103toarele subiecte, dar nu este exclusiv\u0103:<\/h3>\t\t\t\t\t\t\t\t<\/div>\n\t\t\t\t<\/div>\n\t\t\t\t\t<\/div>\n\t\t<\/div>\n\t\t\t\t\t<\/div>\n\t\t<\/section>\n\t\t\t\t<section class=\"elementor-section elementor-top-section elementor-element elementor-element-c4d9f13 elementor-section-boxed elementor-section-height-default elementor-section-height-default\" data-id=\"c4d9f13\" data-element_type=\"section\">\n\t\t\t\t\t\t<div class=\"elementor-container elementor-column-gap-default\">\n\t\t\t\t\t<div class=\"elementor-column elementor-col-100 elementor-top-column elementor-element elementor-element-954f9a8\" data-id=\"954f9a8\" data-element_type=\"column\">\n\t\t\t<div class=\"elementor-widget-wrap elementor-element-populated\">\n\t\t\t\t\t\t<div class=\"elementor-element elementor-element-53dd037 elementor-widget elementor-widget-text-editor\" data-id=\"53dd037\" data-element_type=\"widget\" data-widget_type=\"text-editor.default\">\n\t\t\t\t<div class=\"elementor-widget-container\">\n\t\t\t\t\t\t\t\t\t<p><a href=\"https:\/\/www.sim.upb.ro\/wp-content\/uploads\/2026\/01\/SCSS\/SEC\u0162IUNEA%20B10_2024.pdf?_t=1769681157\" target=\"_blank\" rel=\"noopener\"><span style=\"color: #000000; font-family: Aptos, Aptos_EmbeddedFont, Aptos_MSFontService, Calibri, Helvetica, sans-serif; font-size: 12pt;\">Programul Sesiunii de Comunic\u0103ri \u0218tiin\u021bifice Studen\u021be\u0219ti \u2013 SEC\u0162IUNEA B10 \u00een anul 2024<\/span><\/a><\/p><p><a href=\"https:\/\/www.sim.upb.ro\/wp-content\/uploads\/2026\/01\/SCSS\/SEC\u0162IUNEA%20B10_2023.pdf?_t=1769681157\" target=\"_blank\" rel=\"noopener\"><span style=\"color: #000000; font-family: Aptos, Aptos_EmbeddedFont, Aptos_MSFontService, Calibri, Helvetica, sans-serif; font-size: 12pt;\">Programul Sesiunii de Comunic\u0103ri \u0218tiin\u021bifice Studen\u021be\u0219ti \u2013 SEC\u0162IUNEA B10 \u00een anul 2023<\/span><\/a><\/p><p><a href=\"https:\/\/www.sim.upb.ro\/wp-content\/uploads\/2026\/01\/SCSS\/SEC\u0162IUNEA%20B10_2022.pdf?_t=1769681157\" target=\"_blank\" rel=\"noopener\"><span style=\"font-family: Aptos, Aptos_EmbeddedFont, Aptos_MSFontService, Calibri, Helvetica, sans-serif; font-size: 12pt; color: #000000;\">Programul Sesiunii de Comunic\u0103ri \u0218tiin\u021bifice Studen\u021be\u0219ti \u2013 SEC\u0162IUNEA B10 \u00een anul 2022<\/span><\/a><\/p><p><a href=\"https:\/\/www.sim.upb.ro\/wp-content\/uploads\/2026\/01\/SCSS\/SEC\u0162IUNEA%20B10_2021.pdf?_t=1769681157\" target=\"_blank\" rel=\"noopener\"><span style=\"font-family: Aptos, Aptos_EmbeddedFont, Aptos_MSFontService, Calibri, Helvetica, sans-serif; font-size: 12pt; color: #000000;\">Programul Sesiunii de Comunic\u0103ri \u0218tiin\u021bifice Studen\u021be\u0219ti \u2013 SEC\u0162IUNEA B10 \u00een anul 2021<\/span><\/a><\/p><div style=\"line-height: 120%; margin: 0in 0in 8pt; font-family: Aptos, Aptos_EmbeddedFont, Aptos_MSFontService, Calibri, Helvetica, sans-serif; font-size: 12pt; color: #000000;\"><a href=\"https:\/\/www.sim.upb.ro\/wp-content\/uploads\/2026\/01\/SCSS\/SEC\u0162IUNEA%20B10_2020.pdf?_t=1769681156\" target=\"_blank\" rel=\"noopener\"><span style=\"font-family: Aptos, Aptos_EmbeddedFont, Aptos_MSFontService, Calibri, Helvetica, sans-serif; font-size: 12pt;\">Programul Sesiunii de Comunic\u0103ri \u0218tiin\u021bifice Studen\u021be\u0219ti \u2013 SEC\u0162IUNEA B10 \u00een anul 2020<\/span><\/a><\/div>\t\t\t\t\t\t\t\t<\/div>\n\t\t\t\t<\/div>\n\t\t\t\t\t<\/div>\n\t\t<\/div>\n\t\t\t\t\t<\/div>\n\t\t<\/section>\n\t\t\t\t<\/div>\n\t\t","protected":false},"excerpt":{"rendered":"<p>Sesiunea de Comunic\u0103ri \u0218tiin\u021bifice Studen\u021be\u0219ti (SCSS) Sesiunea de Comunic\u0103ri \u0218tiin\u021bifice Studen\u021be\u0219ti (SCSS) este un eveniment anual organizat de Universitatea Na\u021bional\u0103 de \u0218tiin\u021b\u0103 \u015fi Tehnologie POLITEHNICA Bucure\u0219ti, adresat studen\u021bilor \u0219i masteranzilor din cadrul UNSTPB, precum \u0219i celor din alte centre universitare din \u021bar\u0103. Evenimentul ofer\u0103 participan\u021bilor oportunitatea de a-\u0219i prezenta rezultatele activit\u0103\u021bilor didactice \u0219i de cercetare [&hellip;]<\/p>\n","protected":false},"author":4,"featured_media":0,"parent":0,"menu_order":0,"comment_status":"closed","ping_status":"closed","template":"","meta":{"ocean_post_layout":"","ocean_both_sidebars_style":"","ocean_both_sidebars_content_width":0,"ocean_both_sidebars_sidebars_width":0,"ocean_sidebar":"","ocean_second_sidebar":"","ocean_disable_margins":"enable","ocean_add_body_class":"","ocean_shortcode_before_top_bar":"","ocean_shortcode_after_top_bar":"","ocean_shortcode_before_header":"","ocean_shortcode_after_header":"","ocean_has_shortcode":"","ocean_shortcode_after_title":"","ocean_shortcode_before_footer_widgets":"","ocean_shortcode_after_footer_widgets":"","ocean_shortcode_before_footer_bottom":"","ocean_shortcode_after_footer_bottom":"","ocean_display_top_bar":"default","ocean_display_header":"default","ocean_header_style":"","ocean_center_header_left_menu":"","ocean_custom_header_template":"","ocean_custom_logo":0,"ocean_custom_retina_logo":0,"ocean_custom_logo_max_width":0,"ocean_custom_logo_tablet_max_width":0,"ocean_custom_logo_mobile_max_width":0,"ocean_custom_logo_max_height":0,"ocean_custom_logo_tablet_max_height":0,"ocean_custom_logo_mobile_max_height":0,"ocean_header_custom_menu":"","ocean_menu_typo_font_family":"","ocean_menu_typo_font_subset":"","ocean_menu_typo_font_size":0,"ocean_menu_typo_font_size_tablet":0,"ocean_menu_typo_font_size_mobile":0,"ocean_menu_typo_font_size_unit":"px","ocean_menu_typo_font_weight":"","ocean_menu_typo_font_weight_tablet":"","ocean_menu_typo_font_weight_mobile":"","ocean_menu_typo_transform":"","ocean_menu_typo_transform_tablet":"","ocean_menu_typo_transform_mobile":"","ocean_menu_typo_line_height":0,"ocean_menu_typo_line_height_tablet":0,"ocean_menu_typo_line_height_mobile":0,"ocean_menu_typo_line_height_unit":"","ocean_menu_typo_spacing":0,"ocean_menu_typo_spacing_tablet":0,"ocean_menu_typo_spacing_mobile":0,"ocean_menu_typo_spacing_unit":"","ocean_menu_link_color":"","ocean_menu_link_color_hover":"","ocean_menu_link_color_active":"","ocean_menu_link_background":"","ocean_menu_link_hover_background":"","ocean_menu_link_active_background":"","ocean_menu_social_links_bg":"","ocean_menu_social_hover_links_bg":"","ocean_menu_social_links_color":"","ocean_menu_social_hover_links_color":"","ocean_disable_title":"default","ocean_disable_heading":"default","ocean_post_title":"","ocean_post_subheading":"","ocean_post_title_style":"","ocean_post_title_background_color":"","ocean_post_title_background":0,"ocean_post_title_bg_image_position":"","ocean_post_title_bg_image_attachment":"","ocean_post_title_bg_image_repeat":"","ocean_post_title_bg_image_size":"","ocean_post_title_height":0,"ocean_post_title_bg_overlay":0.5,"ocean_post_title_bg_overlay_color":"","ocean_disable_breadcrumbs":"default","ocean_breadcrumbs_color":"","ocean_breadcrumbs_separator_color":"","ocean_breadcrumbs_links_color":"","ocean_breadcrumbs_links_hover_color":"","ocean_display_footer_widgets":"default","ocean_display_footer_bottom":"default","ocean_custom_footer_template":"","footnotes":"","_links_to":"","_links_to_target":""},"class_list":["post-6910","page","type-page","status-publish","hentry","entry"],"_links":{"self":[{"href":"https:\/\/www.sim.upb.ro\/index.php\/wp-json\/wp\/v2\/pages\/6910","targetHints":{"allow":["GET"]}}],"collection":[{"href":"https:\/\/www.sim.upb.ro\/index.php\/wp-json\/wp\/v2\/pages"}],"about":[{"href":"https:\/\/www.sim.upb.ro\/index.php\/wp-json\/wp\/v2\/types\/page"}],"author":[{"embeddable":true,"href":"https:\/\/www.sim.upb.ro\/index.php\/wp-json\/wp\/v2\/users\/4"}],"replies":[{"embeddable":true,"href":"https:\/\/www.sim.upb.ro\/index.php\/wp-json\/wp\/v2\/comments?post=6910"}],"version-history":[{"count":7,"href":"https:\/\/www.sim.upb.ro\/index.php\/wp-json\/wp\/v2\/pages\/6910\/revisions"}],"predecessor-version":[{"id":6917,"href":"https:\/\/www.sim.upb.ro\/index.php\/wp-json\/wp\/v2\/pages\/6910\/revisions\/6917"}],"wp:attachment":[{"href":"https:\/\/www.sim.upb.ro\/index.php\/wp-json\/wp\/v2\/media?parent=6910"}],"curies":[{"name":"wp","href":"https:\/\/api.w.org\/{rel}","templated":true}]}}