{"id":6618,"date":"2025-09-23T14:25:37","date_gmt":"2025-09-23T12:25:37","guid":{"rendered":"https:\/\/www.sim.upb.ro\/?page_id=6618"},"modified":"2025-11-04T14:22:14","modified_gmt":"2025-11-04T12:22:14","slug":"anunturi","status":"publish","type":"page","link":"https:\/\/www.sim.upb.ro\/index.php\/anunturi\/","title":{"rendered":"ANUNTURI"},"content":{"rendered":"\t\t<div data-elementor-type=\"wp-page\" data-elementor-id=\"6618\" class=\"elementor elementor-6618\">\n\t\t\t\t\t\t<section class=\"elementor-section elementor-top-section elementor-element elementor-element-484dbeb elementor-section-boxed elementor-section-height-default elementor-section-height-default\" data-id=\"484dbeb\" data-element_type=\"section\">\n\t\t\t\t\t\t<div class=\"elementor-container elementor-column-gap-default\">\n\t\t\t\t\t<div class=\"elementor-column elementor-col-100 elementor-top-column elementor-element elementor-element-428bb0f\" data-id=\"428bb0f\" data-element_type=\"column\">\n\t\t\t<div class=\"elementor-widget-wrap elementor-element-populated\">\n\t\t\t\t\t\t<div class=\"elementor-element elementor-element-f4ee4ed elementor-widget elementor-widget-text-editor\" data-id=\"f4ee4ed\" data-element_type=\"widget\" data-widget_type=\"text-editor.default\">\n\t\t\t\t<div class=\"elementor-widget-container\">\n\t\t\t\t\t\t\t\t\t<h2><span style=\"text-decoration: underline;\"><strong>04.11.2025<\/strong><\/span> Metodologia privind acordarea burselor \u0219i a altor forme de sprijin material pentru studen\u021bii Universit\u0103\u021bii Na\u021bionale de \u0218tiin\u021b\u0103 \u0219i Tehnologie POLITEHNICA Bucure\u0219ti \u00eencep\u00e2nd cu anul universitar 2025-2026 &#8211; <a href=\"https:\/\/www.sim.upb.ro\/wp-content\/uploads\/2025\/11\/burse25\/Metodologie%20burse_2025-2026_03.11.2025.pdf?_t=176225786\" target=\"_blank\" rel=\"noopener\">Descarca documentul<\/a><\/h2><h3><a href=\"https:\/\/www.sim.upb.ro\/wp-content\/uploads\/2025\/11\/burse25\/nota_informare.pdf?_t=1762257863\" target=\"_blank\" rel=\"noopener\">NOT\u0102 DE INFORMARE GENERAL\u0102 PRIVIND PRELUCRAREA DATELOR CU\u00a0CARACTER PERSONAL<\/a><\/h3><p><strong>Formulare<\/strong><\/p><p><a href=\"https:\/\/www.sim.upb.ro\/wp-content\/uploads\/2025\/11\/burse25\/Acord_membri_familie.pdf?_t=1762257863\" target=\"_blank\" rel=\"noopener\">Acord de prelucrarea datelor cu caracter personal al membrilor familiei\u00a0studentului solicitant de burs\u0103 social\u0103<\/a><\/p><p><a href=\"https:\/\/www.sim.upb.ro\/wp-content\/uploads\/2025\/11\/burse25\/Acord_solicitant.pdf?_t=1762257863\" target=\"_blank\" rel=\"noopener\">Acord de prelucrarea datelor cu caracter personal\u00a0al solicitantului de burs\u0103<\/a><\/p><p><a href=\"https:\/\/www.sim.upb.ro\/wp-content\/uploads\/2025\/11\/burse25\/cerere_bursa_performanta_G1.pdf?_t=1762257863\" target=\"_blank\" rel=\"noopener\">CERERE SOLICITARE BURS\u0102 PERFORMAN\u021a\u0102 GRADUL I<\/a><\/p><p><a href=\"https:\/\/www.sim.upb.ro\/wp-content\/uploads\/2025\/11\/burse25\/cerere_bursa_sociala.pdf?_t=1762257863\" target=\"_blank\" rel=\"noopener\">CERERE SOLICITARE BURS\u0102 SOCIAL\u0102<\/a><\/p><p><a href=\"https:\/\/www.sim.upb.ro\/wp-content\/uploads\/2025\/11\/burse25\/decalaratie_venituri_nete.pdf?_t=1762257863\" target=\"_blank\" rel=\"noopener\">DECLARA\u021aIE PE PROPRIA R\u0102SPUNDERE PRIVIND VENITURILE NETE, CU CARACTER PERMANENT SUPUSE IMPOZITULUI PE VENIT<\/a><\/p>\t\t\t\t\t\t\t\t<\/div>\n\t\t\t\t<\/div>\n\t\t\t\t\t<\/div>\n\t\t<\/div>\n\t\t\t\t\t<\/div>\n\t\t<\/section>\n\t\t\t\t<section class=\"elementor-section elementor-top-section elementor-element elementor-element-f3457a1 elementor-section-boxed elementor-section-height-default elementor-section-height-default\" data-id=\"f3457a1\" data-element_type=\"section\">\n\t\t\t\t\t\t<div class=\"elementor-container elementor-column-gap-default\">\n\t\t\t\t\t<div class=\"elementor-column elementor-col-100 elementor-top-column elementor-element elementor-element-f170f34\" data-id=\"f170f34\" data-element_type=\"column\">\n\t\t\t<div class=\"elementor-widget-wrap elementor-element-populated\">\n\t\t\t\t\t\t<div class=\"elementor-element elementor-element-c6e8713 elementor-widget elementor-widget-text-editor\" data-id=\"c6e8713\" data-element_type=\"widget\" data-widget_type=\"text-editor.default\">\n\t\t\t\t<div class=\"elementor-widget-container\">\n\t\t\t\t\t\t\t\t\t<h2 class=\"single-post-title entry-title\"><strong><span style=\"text-decoration: underline;\">06.10.2025<\/span> Testare lingvistica ERASMUS<\/strong><\/h2><p>Data de organizare a testarilor lingvistice: 14\/10\/2025.<\/p><p>Link-urile de Moodle unde trebuie sa se inscrie studentii si intervalele orare:<\/p><p><b>Limba Englez\u0103, 14\/10\/2025, 12:00 \u2013 14:00, <\/b><a href=\"https:\/\/curs.upb.ro\/2025\/enrol\/index.php?id=4918\" target=\"_blank\" rel=\"noopener\"><b>https:\/\/curs.upb.ro\/2025\/enrol\/index.php?id=4918<\/b><\/a><\/p><p><b>Limba German\u0103, 14\/10\/2025, ora 14:00 \u2013 16:00, <a href=\"https:\/\/curs.upb.ro\/2025\/course\/view.php?id=4919\" target=\"_blank\" rel=\"noopener\">https:\/\/curs.upb.ro\/2025\/course\/view.php?id=4919<\/a><\/b><\/p><p><b>Limba Francez\u0103, 14\/10\/2025, ora 14:00 \u2013 16:00, <a href=\"https:\/\/curs.upb.ro\/2025\/enrol\/index.php?id=4920\" target=\"_blank\" rel=\"noopener\">https:\/\/curs.upb.ro\/2025\/enrol\/index.php?id=4920<\/a><\/b><\/p><p><b>Limba Spaniol\u0103, 14\/10\/2025, ora 16:00 \u2013 18:00, <a href=\"https:\/\/curs.upb.ro\/2025\/course\/view.php?id=4921\" target=\"_blank\" rel=\"noopener\">https:\/\/curs.upb.ro\/2025\/course\/view.php?id=4921<\/a><\/b><\/p>\t\t\t\t\t\t\t\t<\/div>\n\t\t\t\t<\/div>\n\t\t\t\t\t<\/div>\n\t\t<\/div>\n\t\t\t\t\t<\/div>\n\t\t<\/section>\n\t\t\t\t<section class=\"elementor-section elementor-top-section elementor-element elementor-element-aa1c048 elementor-section-boxed elementor-section-height-default elementor-section-height-default\" data-id=\"aa1c048\" data-element_type=\"section\">\n\t\t\t\t\t\t<div class=\"elementor-container elementor-column-gap-default\">\n\t\t\t\t\t<div class=\"elementor-column elementor-col-100 elementor-top-column elementor-element elementor-element-1d8d0ea\" data-id=\"1d8d0ea\" data-element_type=\"column\">\n\t\t\t<div class=\"elementor-widget-wrap elementor-element-populated\">\n\t\t\t\t\t\t<div class=\"elementor-element elementor-element-c8d18a1 elementor-widget elementor-widget-text-editor\" data-id=\"c8d18a1\" data-element_type=\"widget\" data-widget_type=\"text-editor.default\">\n\t\t\t\t<div class=\"elementor-widget-container\">\n\t\t\t\t\t\t\t\t\t<p><span style=\"text-decoration: underline;\"><strong>25.09.2025<\/strong><\/span> FESTIVITATEA DE DESCHIDERE A ANULUI UNIVERSITAR 2025 &#8211; 2026 VA AVEA LOC LUNI, 29 SEPTEMBRIE 2025, INCEPAND CU ORA 13:00 IN AMFITEATRUL JA101 DIN CADRUL FACULTATII DE STIINTA SI INGINERIA MATERIALELOR. VA ASTEPTAM CU DRAG!<br \/>VIZUALIZEAZA ANUNTUL <a href=\"https:\/\/www.sim.upb.ro\/wp-content\/uploads\/2025\/09\/Deschidere_25.pdf\" target=\"_blank\" rel=\"noopener\">AICI\u00a0<\/a><\/p><p><strong><span style=\"text-decoration: underline;\">23.09.2025<\/span><\/strong> ANUNTUL CU PRIVIRE LA CAZARILE IN CAMINUL P21 &#8211; FACULTATEA SIM POATE FI VIZUALIZAT\/DESCARCAT\u00a0<a href=\"https:\/\/www.sim.upb.ro\/wp-content\/uploads\/2025\/09\/CAZARE_25.pdf\" target=\"_blank\" rel=\"noopener\">AICI<\/a>\u00a0<\/p>\t\t\t\t\t\t\t\t<\/div>\n\t\t\t\t<\/div>\n\t\t\t\t\t<\/div>\n\t\t<\/div>\n\t\t\t\t\t<\/div>\n\t\t<\/section>\n\t\t\t\t<\/div>\n\t\t","protected":false},"excerpt":{"rendered":"<p>04.11.2025 Metodologia privind acordarea burselor \u0219i a altor forme de sprijin material pentru studen\u021bii Universit\u0103\u021bii Na\u021bionale de \u0218tiin\u021b\u0103 \u0219i Tehnologie POLITEHNICA Bucure\u0219ti \u00eencep\u00e2nd cu anul universitar 2025-2026 &#8211; Descarca documentul NOT\u0102 DE INFORMARE GENERAL\u0102 PRIVIND PRELUCRAREA DATELOR CU\u00a0CARACTER PERSONAL Formulare Acord de prelucrarea datelor cu caracter personal al membrilor familiei\u00a0studentului solicitant de burs\u0103 social\u0103 Acord [&hellip;]<\/p>\n","protected":false},"author":4,"featured_media":0,"parent":0,"menu_order":0,"comment_status":"closed","ping_status":"closed","template":"","meta":{"ocean_post_layout":"","ocean_both_sidebars_style":"","ocean_both_sidebars_content_width":0,"ocean_both_sidebars_sidebars_width":0,"ocean_sidebar":"","ocean_second_sidebar":"","ocean_disable_margins":"enable","ocean_add_body_class":"","ocean_shortcode_before_top_bar":"","ocean_shortcode_after_top_bar":"","ocean_shortcode_before_header":"","ocean_shortcode_after_header":"","ocean_has_shortcode":"","ocean_shortcode_after_title":"","ocean_shortcode_before_footer_widgets":"","ocean_shortcode_after_footer_widgets":"","ocean_shortcode_before_footer_bottom":"","ocean_shortcode_after_footer_bottom":"","ocean_display_top_bar":"default","ocean_display_header":"default","ocean_header_style":"","ocean_center_header_left_menu":"","ocean_custom_header_template":"","ocean_custom_logo":0,"ocean_custom_retina_logo":0,"ocean_custom_logo_max_width":0,"ocean_custom_logo_tablet_max_width":0,"ocean_custom_logo_mobile_max_width":0,"ocean_custom_logo_max_height":0,"ocean_custom_logo_tablet_max_height":0,"ocean_custom_logo_mobile_max_height":0,"ocean_header_custom_menu":"","ocean_menu_typo_font_family":"","ocean_menu_typo_font_subset":"","ocean_menu_typo_font_size":0,"ocean_menu_typo_font_size_tablet":0,"ocean_menu_typo_font_size_mobile":0,"ocean_menu_typo_font_size_unit":"px","ocean_menu_typo_font_weight":"","ocean_menu_typo_font_weight_tablet":"","ocean_menu_typo_font_weight_mobile":"","ocean_menu_typo_transform":"","ocean_menu_typo_transform_tablet":"","ocean_menu_typo_transform_mobile":"","ocean_menu_typo_line_height":0,"ocean_menu_typo_line_height_tablet":0,"ocean_menu_typo_line_height_mobile":0,"ocean_menu_typo_line_height_unit":"","ocean_menu_typo_spacing":0,"ocean_menu_typo_spacing_tablet":0,"ocean_menu_typo_spacing_mobile":0,"ocean_menu_typo_spacing_unit":"","ocean_menu_link_color":"","ocean_menu_link_color_hover":"","ocean_menu_link_color_active":"","ocean_menu_link_background":"","ocean_menu_link_hover_background":"","ocean_menu_link_active_background":"","ocean_menu_social_links_bg":"","ocean_menu_social_hover_links_bg":"","ocean_menu_social_links_color":"","ocean_menu_social_hover_links_color":"","ocean_disable_title":"default","ocean_disable_heading":"default","ocean_post_title":"","ocean_post_subheading":"","ocean_post_title_style":"","ocean_post_title_background_color":"","ocean_post_title_background":0,"ocean_post_title_bg_image_position":"","ocean_post_title_bg_image_attachment":"","ocean_post_title_bg_image_repeat":"","ocean_post_title_bg_image_size":"","ocean_post_title_height":0,"ocean_post_title_bg_overlay":0.5,"ocean_post_title_bg_overlay_color":"","ocean_disable_breadcrumbs":"default","ocean_breadcrumbs_color":"","ocean_breadcrumbs_separator_color":"","ocean_breadcrumbs_links_color":"","ocean_breadcrumbs_links_hover_color":"","ocean_display_footer_widgets":"default","ocean_display_footer_bottom":"default","ocean_custom_footer_template":"","footnotes":"","_links_to":"","_links_to_target":""},"class_list":["post-6618","page","type-page","status-publish","hentry","entry"],"_links":{"self":[{"href":"https:\/\/www.sim.upb.ro\/index.php\/wp-json\/wp\/v2\/pages\/6618","targetHints":{"allow":["GET"]}}],"collection":[{"href":"https:\/\/www.sim.upb.ro\/index.php\/wp-json\/wp\/v2\/pages"}],"about":[{"href":"https:\/\/www.sim.upb.ro\/index.php\/wp-json\/wp\/v2\/types\/page"}],"author":[{"embeddable":true,"href":"https:\/\/www.sim.upb.ro\/index.php\/wp-json\/wp\/v2\/users\/4"}],"replies":[{"embeddable":true,"href":"https:\/\/www.sim.upb.ro\/index.php\/wp-json\/wp\/v2\/comments?post=6618"}],"version-history":[{"count":64,"href":"https:\/\/www.sim.upb.ro\/index.php\/wp-json\/wp\/v2\/pages\/6618\/revisions"}],"predecessor-version":[{"id":6788,"href":"https:\/\/www.sim.upb.ro\/index.php\/wp-json\/wp\/v2\/pages\/6618\/revisions\/6788"}],"wp:attachment":[{"href":"https:\/\/www.sim.upb.ro\/index.php\/wp-json\/wp\/v2\/media?parent=6618"}],"curies":[{"name":"wp","href":"https:\/\/api.w.org\/{rel}","templated":true}]}}