{"id":5803,"date":"2025-01-31T11:43:10","date_gmt":"2025-01-31T09:43:10","guid":{"rendered":"https:\/\/www.sim.upb.ro\/?page_id=5803"},"modified":"2025-01-31T12:24:44","modified_gmt":"2025-01-31T10:24:44","slug":"voluntariat","status":"publish","type":"page","link":"https:\/\/www.sim.upb.ro\/index.php\/voluntariat\/","title":{"rendered":"Voluntariat"},"content":{"rendered":"\t\t<div data-elementor-type=\"wp-page\" data-elementor-id=\"5803\" class=\"elementor elementor-5803\">\n\t\t\t\t\t\t<section class=\"elementor-section elementor-top-section elementor-element elementor-element-4e3985f elementor-section-boxed elementor-section-height-default elementor-section-height-default\" data-id=\"4e3985f\" data-element_type=\"section\">\n\t\t\t\t\t\t<div class=\"elementor-container elementor-column-gap-default\">\n\t\t\t\t\t<div class=\"elementor-column elementor-col-100 elementor-top-column elementor-element elementor-element-d9633b2\" data-id=\"d9633b2\" data-element_type=\"column\">\n\t\t\t<div class=\"elementor-widget-wrap elementor-element-populated\">\n\t\t\t\t\t\t<section class=\"elementor-section elementor-inner-section elementor-element elementor-element-b1a3e26 elementor-section-boxed elementor-section-height-default elementor-section-height-default\" data-id=\"b1a3e26\" data-element_type=\"section\">\n\t\t\t\t\t\t<div class=\"elementor-container elementor-column-gap-default\">\n\t\t\t\t\t<div class=\"elementor-column elementor-col-100 elementor-inner-column elementor-element elementor-element-75489d2\" data-id=\"75489d2\" data-element_type=\"column\">\n\t\t\t<div class=\"elementor-widget-wrap elementor-element-populated\">\n\t\t\t\t\t\t<div class=\"elementor-element elementor-element-28ded9c elementor-widget elementor-widget-text-editor\" data-id=\"28ded9c\" data-element_type=\"widget\" data-widget_type=\"text-editor.default\">\n\t\t\t\t<div class=\"elementor-widget-container\">\n\t\t\t\t\t\t\t\t\t<h1 style=\"text-align: center;\"><strong>Universitatea Na\u021bional\u0103 de \u0218tiin\u021b\u0103 \u0219i Tehnologie<\/strong><\/h1><h1 style=\"text-align: center;\"><strong>POLITEHNICA Bucure\u0219ti<\/strong><\/h1><h1 style=\"text-align: center;\"><strong>Facultatea de \u0218tiin\u021ba \u0219i Ingineria Materialelor<\/strong><\/h1><p><strong><u>\u00a0<\/u><\/strong><\/p><h1 style=\"text-align: center;\"><span style=\"color: #000080;\"><strong><u>VOLUNTARIAT @SIM<\/u><\/strong><\/span><\/h1><p><span style=\"color: #000000;\"><strong>VOLUNTARIATUL<\/strong>\u00a0reprezint\u0103 participarea voluntarului persoan\u0103 fizic\u0103 la activit\u0103\u021bi de interes public desf\u0103\u0219urate \u00een folosul altor persoane sau al societ\u0103\u021bii, organizate de c\u0103tre persoane juridice de drept public sau de drept privat, f\u0103r\u0103 remunera\u021bie, individual sau \u00een grup.<\/span><\/p><p><span style=\"color: #000000;\"><strong>FACULTATEA DE \u0218TIIN\u021aA \u0218I INGINERIA MATERIALELOR<\/strong>\u00a0sprijin\u0103 derularea activit\u0103\u021bilor de voluntariat prin includerea la discipline facultative \u00een Planul de \u00eenv\u0103\u021b\u0103m\u00e2nt \u0219i acordarea unui num\u0103r suplimentar de credite de studii transferabile suplimentare pentru voluntariat. Totodat\u0103, studen\u021bii pot beneficia de stimulente financiare, \u00een condi\u021biile stabilite de carta universitar\u0103 \u0219i de regulamentele specifice.<\/span><\/p><p><span style=\"color: #000000;\"><strong>\u00a0<\/strong><\/span><\/p><p><span style=\"color: #000000;\">Documentele care trebuie completate pentru a alege <strong>VOLUNTARIATUL<\/strong>\u00a0sunt:<\/span><\/p><ol><li><a href=\"https:\/\/www.sim.upb.ro\/wp-content\/uploads\/2021\/01\/pdf\/examene\/Admitere\/Voluntariat\/cerere_voluntariat.pdf\"><span style=\"color: #000000;\">Cerere de voluntariat<\/span><\/a><\/li><li><span style=\"color: #000000;\"><a href=\"https:\/\/www.sim.upb.ro\/wp-content\/uploads\/2021\/01\/pdf\/examene\/Admitere\/Voluntariat\/contract_voluntariat_cu_anexe.pdf\"><span style=\"color: #000000;\">Contract de voluntariat cu organiza\u021bia gazd\u0103 (\u0219i anexele la contract)<\/span><\/a>\u00a0<\/span><\/li><li><span style=\"color: #000000;\"><a style=\"color: #000000;\" href=\"https:\/\/www.sim.upb.ro\/wp-content\/uploads\/2021\/01\/pdf\/examene\/Admitere\/Voluntariat\/raport_activitate_voluntariat.pdf\">Raport de activitate<\/a>\u00a0<\/span><\/li><li><span style=\"color: #000000;\"><a href=\"https:\/\/www.sim.upb.ro\/wp-content\/uploads\/2021\/01\/pdf\/examene\/Admitere\/Voluntariat\/certificat_voluntariat.pdf\"><span style=\"color: #000000;\">Certificat de voluntariat<\/span><\/a>\u00a0<\/span><\/li><\/ol><p>\u00a0<\/p><p><span style=\"color: #000000;\">Cadrul legal pentru organizarea <strong>VOLUNTARIATULUI<\/strong>:<\/span><\/p><ol><li><span style=\"color: #000000;\"><a style=\"color: #000000;\" href=\"https:\/\/www.sim.upb.ro\/wp-content\/uploads\/2021\/01\/pdf\/examene\/Admitere\/Voluntariat\/legea_199_2023.pdf\">Legea \u00eenv\u0103\u021b\u0103m\u00e2ntului superior nr. 199\/2023<\/a>\u00a0<\/span><\/li><li><span style=\"color: #000000;\"><a style=\"color: #000000;\" href=\"https:\/\/www.sim.upb.ro\/wp-content\/uploads\/2021\/01\/pdf\/examene\/Admitere\/Voluntariat\/legea_78_2014.pdf\">Legea nr. 78\/2014 privind reglementarea activit\u0103\u021bii de voluntariat \u00een Rom\u00e2nia<\/a>\u00a0<\/span><\/li><li><span style=\"color: #000000;\"><a href=\"https:\/\/www.sim.upb.ro\/wp-content\/uploads\/2021\/01\/pdf\/examene\/Admitere\/Voluntariat\/metodologie_voluntariat.pdf\"><span style=\"color: #000000;\">Metodologie privind acordarea punctelor de credit de studii transferabile pentru activit\u0103\u021bile de voluntariat<\/span><\/a>\u00a0<\/span><\/li><\/ol>\t\t\t\t\t\t\t\t<\/div>\n\t\t\t\t<\/div>\n\t\t\t\t\t<\/div>\n\t\t<\/div>\n\t\t\t\t\t<\/div>\n\t\t<\/section>\n\t\t\t\t\t<\/div>\n\t\t<\/div>\n\t\t\t\t\t<\/div>\n\t\t<\/section>\n\t\t\t\t<\/div>\n\t\t","protected":false},"excerpt":{"rendered":"<p>Universitatea Na\u021bional\u0103 de \u0218tiin\u021b\u0103 \u0219i Tehnologie POLITEHNICA Bucure\u0219ti Facultatea de \u0218tiin\u021ba \u0219i Ingineria Materialelor \u00a0 VOLUNTARIAT @SIM VOLUNTARIATUL\u00a0reprezint\u0103 participarea voluntarului persoan\u0103 fizic\u0103 la activit\u0103\u021bi de interes public desf\u0103\u0219urate \u00een folosul altor persoane sau al societ\u0103\u021bii, organizate de c\u0103tre persoane juridice de drept public sau de drept privat, f\u0103r\u0103 remunera\u021bie, individual sau \u00een grup. FACULTATEA DE [&hellip;]<\/p>\n","protected":false},"author":2,"featured_media":0,"parent":0,"menu_order":0,"comment_status":"closed","ping_status":"closed","template":"","meta":{"ocean_post_layout":"","ocean_both_sidebars_style":"","ocean_both_sidebars_content_width":0,"ocean_both_sidebars_sidebars_width":0,"ocean_sidebar":"","ocean_second_sidebar":"","ocean_disable_margins":"enable","ocean_add_body_class":"","ocean_shortcode_before_top_bar":"","ocean_shortcode_after_top_bar":"","ocean_shortcode_before_header":"","ocean_shortcode_after_header":"","ocean_has_shortcode":"","ocean_shortcode_after_title":"","ocean_shortcode_before_footer_widgets":"","ocean_shortcode_after_footer_widgets":"","ocean_shortcode_before_footer_bottom":"","ocean_shortcode_after_footer_bottom":"","ocean_display_top_bar":"default","ocean_display_header":"default","ocean_header_style":"","ocean_center_header_left_menu":"","ocean_custom_header_template":"","ocean_custom_logo":0,"ocean_custom_retina_logo":0,"ocean_custom_logo_max_width":0,"ocean_custom_logo_tablet_max_width":0,"ocean_custom_logo_mobile_max_width":0,"ocean_custom_logo_max_height":0,"ocean_custom_logo_tablet_max_height":0,"ocean_custom_logo_mobile_max_height":0,"ocean_header_custom_menu":"","ocean_menu_typo_font_family":"","ocean_menu_typo_font_subset":"","ocean_menu_typo_font_size":0,"ocean_menu_typo_font_size_tablet":0,"ocean_menu_typo_font_size_mobile":0,"ocean_menu_typo_font_size_unit":"px","ocean_menu_typo_font_weight":"","ocean_menu_typo_font_weight_tablet":"","ocean_menu_typo_font_weight_mobile":"","ocean_menu_typo_transform":"","ocean_menu_typo_transform_tablet":"","ocean_menu_typo_transform_mobile":"","ocean_menu_typo_line_height":0,"ocean_menu_typo_line_height_tablet":0,"ocean_menu_typo_line_height_mobile":0,"ocean_menu_typo_line_height_unit":"","ocean_menu_typo_spacing":0,"ocean_menu_typo_spacing_tablet":0,"ocean_menu_typo_spacing_mobile":0,"ocean_menu_typo_spacing_unit":"","ocean_menu_link_color":"","ocean_menu_link_color_hover":"","ocean_menu_link_color_active":"","ocean_menu_link_background":"","ocean_menu_link_hover_background":"","ocean_menu_link_active_background":"","ocean_menu_social_links_bg":"","ocean_menu_social_hover_links_bg":"","ocean_menu_social_links_color":"","ocean_menu_social_hover_links_color":"","ocean_disable_title":"default","ocean_disable_heading":"default","ocean_post_title":"","ocean_post_subheading":"","ocean_post_title_style":"","ocean_post_title_background_color":"","ocean_post_title_background":0,"ocean_post_title_bg_image_position":"","ocean_post_title_bg_image_attachment":"","ocean_post_title_bg_image_repeat":"","ocean_post_title_bg_image_size":"","ocean_post_title_height":0,"ocean_post_title_bg_overlay":0.5,"ocean_post_title_bg_overlay_color":"","ocean_disable_breadcrumbs":"default","ocean_breadcrumbs_color":"","ocean_breadcrumbs_separator_color":"","ocean_breadcrumbs_links_color":"","ocean_breadcrumbs_links_hover_color":"","ocean_display_footer_widgets":"default","ocean_display_footer_bottom":"default","ocean_custom_footer_template":"","footnotes":"","_links_to":"","_links_to_target":""},"class_list":["post-5803","page","type-page","status-publish","hentry","entry"],"_links":{"self":[{"href":"https:\/\/www.sim.upb.ro\/index.php\/wp-json\/wp\/v2\/pages\/5803","targetHints":{"allow":["GET"]}}],"collection":[{"href":"https:\/\/www.sim.upb.ro\/index.php\/wp-json\/wp\/v2\/pages"}],"about":[{"href":"https:\/\/www.sim.upb.ro\/index.php\/wp-json\/wp\/v2\/types\/page"}],"author":[{"embeddable":true,"href":"https:\/\/www.sim.upb.ro\/index.php\/wp-json\/wp\/v2\/users\/2"}],"replies":[{"embeddable":true,"href":"https:\/\/www.sim.upb.ro\/index.php\/wp-json\/wp\/v2\/comments?post=5803"}],"version-history":[{"count":4,"href":"https:\/\/www.sim.upb.ro\/index.php\/wp-json\/wp\/v2\/pages\/5803\/revisions"}],"predecessor-version":[{"id":5807,"href":"https:\/\/www.sim.upb.ro\/index.php\/wp-json\/wp\/v2\/pages\/5803\/revisions\/5807"}],"wp:attachment":[{"href":"https:\/\/www.sim.upb.ro\/index.php\/wp-json\/wp\/v2\/media?parent=5803"}],"curies":[{"name":"wp","href":"https:\/\/api.w.org\/{rel}","templated":true}]}}