{"id":2228,"date":"2021-03-29T16:35:31","date_gmt":"2021-03-29T14:35:31","guid":{"rendered":"https:\/\/www.sim.upb.ro\/?page_id=2228"},"modified":"2021-03-29T16:37:48","modified_gmt":"2021-03-29T14:37:48","slug":"departament-smmmf","status":"publish","type":"page","link":"https:\/\/www.sim.upb.ro\/index.php\/departament-smmmf\/","title":{"rendered":"DEPARTAMENT SMMMF"},"content":{"rendered":"\t\t<div data-elementor-type=\"wp-page\" data-elementor-id=\"2228\" class=\"elementor elementor-2228\">\n\t\t\t\t\t\t<section class=\"elementor-section elementor-top-section elementor-element elementor-element-16a9c68 elementor-section-full_width elementor-section-height-default elementor-section-height-default\" data-id=\"16a9c68\" data-element_type=\"section\">\n\t\t\t\t\t\t<div class=\"elementor-container elementor-column-gap-default\">\n\t\t\t\t\t<div class=\"elementor-column elementor-col-100 elementor-top-column elementor-element elementor-element-33af77d\" data-id=\"33af77d\" data-element_type=\"column\">\n\t\t\t<div class=\"elementor-widget-wrap elementor-element-populated\">\n\t\t\t\t\t\t<div class=\"elementor-element elementor-element-4ea6161 elementor-widget elementor-widget-text-editor\" data-id=\"4ea6161\" data-element_type=\"widget\" data-widget_type=\"text-editor.default\">\n\t\t\t\t<div class=\"elementor-widget-container\">\n\t\t\t\t\t\t\t\t\t<p><br \/>Director de Departament: Prof.dr.ing. Iulian Antoniac<br \/>&#8211; Sala: JI 108<br \/>&#8211; Tel: 021.402.97.48<br \/>&#8211; E-mail:\u00a0<span id=\"cloak8920fe4b1052138ee0a4da1e9988c223\"><\/span><a href=\"mailto:antoniac.iulian@gmail.com\">antoniac.iulian@gmail.com<\/a><br \/><br \/><\/p><p>Departamentul \u0218tiin\u021ba Materialelor Metalice, Metalurgie Fizic\u0103 \u00eesi are originea \u00een primul laborator de metalurgie \u00eenfiin\u021bat \u00een \u021bara noastr\u0103, \u00een anul 1924, \u00een \u0219coala Politehnic\u0103 din Bucure\u0219ti, de c\u0103tre profesorul inginer Ion BARBAREU, decedat \u00een anul 1960, care a predat primul curs de metalurgie din \u0219coala Politehnic\u0103 Bucure\u0219ti, cu \u00eencepere din anul 1922.<br \/><br \/>Profesorul Ion BARBAREU, fost asistent la facultatea de Mine \u0219i Metalurgie din Freiberg (Germania) \u0219i are meritul de a fi publicat primul curs de Metalurgie din \u021bara noastr\u0103, de nivel universitar, intitulat \u201eCurs de Metalurgie General\u0103\u201d, ap\u0103rut \u00een anul 1926, la Tipografia Geniului, din Bucure\u0219ti (Cotroceni). Cel mai mare merit al profesorului Ion BARBAREU este acela de a fi format adev\u0103rata genera\u021bie de cadre didactice pentru \u00eenv\u0103\u021b\u0103m\u00e2ntul superior metalurgic din \u021bara noastr\u0103, alc\u0103tuit\u0103 din profesorul Traian NEGRESCU, profesorul \u0218tefan MANTEA, asistent inginer Corneliu S\u0102NDULESCU (primul asistent al profesorului Ion BARBAREU \u0219i care a publicat, \u00een 1927, primul \u00eendumar de laborator \u2013 \u201eDeterminarea Minereurilor\u201d), asistent inginer Jeana BUZINCU (prima femeie din \u021bara noastr\u0103, asistent universitar \u00een \u00eenv\u0103\u021b\u0103m\u00e2ntul politehnic).<br \/><br \/>Profesorul Ion BARBAREU a contribuit la formarea eminentului profesor de metalurgie, doctor \u00een \u0218tiin\u021be Fizice, academician Traian NEGRESCU. Acesta, sub \u00eendrumarea profesorului Barbareu, a fost trimis pentru specializare \u0219i doctorat la Paris, unde a ob\u021binut titlul de doctor \u00een \u0218tiinte Fizice \u0219i se \u00eentalne\u0219te cu al\u021bi tineri pleca\u021bi din dorul de a \u00eenv\u0103\u021ba, printre care se poate men\u021biona academicianul prof. dr ing. Elie CARAFOLI, \u00eempreun\u0103 cu care au f\u0103cut cinste acestei \u021b\u0103ri.<br \/><br \/>\u00cen anul 1930, sub conducerea eminentului profesor de metalurgie, doctor \u00een \u0218tiinte Fizice, academician Traian NEGRESU, \u0219ef de catedr\u0103 din anul 1928 \u0219i cu sprijinul tinerilor s\u0103i asistenti, \u0218tefan MANTEA \u0219i Jeana BUZINCU, s-a \u00eenfiin\u021bat, al\u0103turi de laboratorul de Metalurgie Extractiv\u0103 \u0219i laboratorul de Metalografie \u0219i Tratamente Termice. R\u0103spunz\u00e2nd unor cerin\u021be practice determinate de dezvoltarea industriei miniere \u0219i metalurgice la Baia Mare, Zlatna, Moldova Nou\u0103, Resita, Hunedoara, etc., laboratorul de Metalografie al \u0218colii Politehnice din Bucuresti, condus de profesorul Traian NEGRESCU, a devenit primul centru de analize chimico-metalurgice, pirognostie \u0219i metalografie din sud-estul Europei.<br \/><br \/>\u00cen anul 1934, \u00een calitate de profesor de Metalurgie a predat, pentru prima dat\u0103, cursul de Metalurgie Fizic\u0103, disciplin\u0103 pe care a ridicat-o la cel mai \u00eenalt nivel, atins \u00een \u021b\u0103ri cu o veche tradi\u021bie a \u00eenv\u0103\u021b\u0103m\u00e2ntului tehnic.<br \/><br \/>\u00cen destinele catedrei de Metalurgie fizic\u0103 se pot \u00eenscrie cu cinste al\u0103turi de marii inv\u0103\u021ba\u021bi men\u021biona\u021bi \u0219i numele profesorilor Suz\u0103nica-Irina G\u00c2DEA, \u0219ef de catedr\u0103 \u00een perioada 1971-1972, \u0219i Nicolae GERU, \u0219ef de catedr\u0103 \u00een perioada 1972-1985.<br \/><br \/>Dac\u0103 Ion BARBAREU \u0219i Traian NEGRESCU, semnific\u0103, prin crea\u021biile lor, contribu\u021bii de neegalat ale geniului tehnologic \u0219i stiintific rom\u00e2nesc, numele profesorului Nicolae GERU, reprezint\u0103, prin \u00eentreaga sa activitate, o str\u0103lucit\u0103 continuare a acestor \u00eenainta\u0219i pentru formarea \u0219i dezvoltarea Metalurgiei Fizice moderne, ca \u0219i \u00eentemeierea \u0219i fundamentarea Teoriei Structurale a Propriet\u0103\u021bilor Materialelor Metalice.<br \/><br \/>Din anul 1985 \u0219i p\u00e2n\u0103 \u00een prezent, func\u021bia de \u0219ef de catedr\u0103 a fost ocupat\u0103, pe r\u00e2nd de: prof.dr.ing. Maria PETRESCU (1985-1990), prof.dr.ing. Mihai MARIN (1990-1992), prof.dr.ing.Constantin DUMITRESCU (1992-2000), prof.dr.ing. Georgeta CO\u0218MELEA\u021a\u0102 (2000-2008), prof.dr.ing. Marin BANE (2008-2016) \u0219i conf.dr.ing. Dan Gheorghe (2016- prezent).<\/p><p><a name=\"_Hlk511295694\"><\/a>Pornind de la planurile de \u00eenv\u0103\u021b\u0103m\u00e2nt din anul 1960, accentuarea preocup\u0103rii pentru preg\u0103tirea teoretic\u0103 de specialitate \u0219i necesitatea \u021binerii pasului cu dezvoltarea acesteia pe plan mondial, cunoscut\u0103 de toate facult\u0103\u021bile cu profil metalurgic din lume, a condus la schimbarea denumirii catedrei din \u201eMetalurgie Fizic\u0103\u201d \u00een \u201eMetalurgie Fizic\u0103, Studiul Materialelor, Tratamente Termice \u0219i Semiconductori\u201d.<br \/><br \/>Trebuie \u00een\u021beles c\u0103, realizarea acestui deziderat a impus \u0219i o substan\u021bial\u0103 \u00eembun\u0103t\u0103\u021bire \u00een domeniul disciplinelor fundamentale de baz\u0103, precum \u0219i a celor de tehnic\u0103 general\u0103 \u0219i \u00een noi domenii precum electronica, automatica, etc., ceea ce a \u00eensemnat un progres sensibil \u00een preg\u0103tirea inginerilor metalurgi.<br \/><br \/>Planurile de \u00eenv\u0103\u021b\u0103m\u00e2nt \u0219i forma de organizare a facult\u0103\u021bii \u0219i catedrei, au suferit \u00een perioada 1972-1990, mai multe modific\u0103ri, dar cele mai drastice au fost cele din perioada 1999-2001.<br \/><br \/>Dup\u0103 anul 2000, Catedra de Metalurgie Fizic\u0103, Studiul Materialelor \u0219i Tratamente Termice \u0219i-a schimbat denumirea, devenind \u0218tiinta Materialelor \u0219i Metalurgie Fizic\u0103, iar ulterior, prin transformare organizatoric\u0103 \u201eDepartamentul \u0218tiin\u021ba Materialelor Metalice, Metalurgie Fizic\u0103\u201d.<\/p><p>\u00cen prezent, structura organizatoric\u0103 din Departamentul \u0218tiin\u021ba Materialelor Metalice, Metalurgie Fizic\u0103 are \u00een componen\u021ba sa 7 profesori consultanti, 6 profesori, 8 conferen\u021biari, 8 \u0219efi de lucr\u0103ri, 2 asisten\u021bi \u0219i personal didactic auxiliar format din ingineri, tehnicieni, laboran\u021bi \u0219i muncitori, asigur\u00e2nd studen\u021bilor o preg\u0103tire complex\u0103 \u00een domeniul Ingineriei Materialelor Metalice \u0219i Ingineriei Medicale.<br \/><br \/>Ingineria Medical\u0103, ca specialitate inginereasc\u0103 este una din cele mai complexe specializ\u0103ri din facultatea noastr\u0103 \u0219i reprezint\u0103 efortul multor cadre didactice din facultate \u0219i meritul deosebit al profesorului\u00a0Danil BUNEA.<\/p><p>Aceste restructur\u0103ri, au impus, al\u0103turi de modificarea profilului departamentului \u0219i diversificarea domeniilor clasice de competen\u021b\u0103 a caderelor didactice:<br \/>&#8211; \u0218tiinta materialelor avansate (biomateriale, materiale compozite, materiale nanostructurate, materiale ceramice);<br \/>&#8211; Metalurgie fizic\u0103;<br \/>&#8211; Metalurgia pulberilor;<br \/>&#8211; Structuri \u0219i propriet\u0103\u021bi ale unor categorii de materiale \u0219i aliaje speciale pentru telematic\u0103, energetic\u0103 nuclear\u0103, micoelectronic\u0103, aeronautic\u0103, transport rutier \u0219i feroviar, etc.;<br \/>&#8211; Transform\u0103ri structurale \u0219i microsructurale produse de tratamente termice neconventionale;<br \/>&#8211; Valorificarea de\u0219eurilor metalurgice \u0219i protec\u021bia mediului;<br \/>&#8211; Implementarea metodelor de analiz\u0103 prin spectroscopie;<br \/>&#8211; Structura \u0219i propriet\u0103\u021bile cinetice ale aliajelor lichide;<br \/>&#8211; Structuri de solidificare dirijat\u0103 cu formare de materiale compozite eutectice;<br \/>&#8211; Formarea structurilor metastabile neobi\u0219nuite \u00een aliaje (structuri amorfe, nanocristaline, cvasicristaline), prin atenuarea sau suprimarea proceselor de difuzie atomic\u0103 la solidificarea ultrarapid\u0103 realizat\u0103 cu viteze de r\u0103cire de ordinul 1 milion grade C\/s.<br \/><br \/>\u00cen prezent, cu ocazia restructur\u0103rilor \u0219i reorganiz\u0103rii, obiectivele departamentului se axeaz\u0103 \u0219i pe probleme de \u00eenalt nivel \u0219i de perspectiv\u0103, respectiv, modernizarea unor laboratoare, ca de exemplu: \u201eCoroziunea \u0219i protec\u021bia materialelor\u201d, \u201eMetalografie optic\u0103 calitativ\u0103\u201d, \u201eDifractometrie\u201d, \u201eTratamente Termochimice\u201d, \u201eMicroscopie electronic\u0103\u201d, \u201ePropriet\u0103\u021bi termofizice\u201d, \u201eMicroscopie optic\u0103 cantitativ\u0103 computerizat\u0103\u201d, \u201eInformatic\u0103\u201d, \u201eSpectrometrie\u201d, etc.<\/p><p><a name=\"_GoBack\"><\/a>\u00cen prezent, \u00een cadrul departamentului sunt organizate cursuri post-universitare (cu durata de 6 luni), cursuri de perfec\u021bionare a cadrelor didactice din \u00eenv\u0103\u021b\u0103m\u00e2ntul preuniversitar (definitivat, gradul II \u0219i I), sudii academice post-universitare TRAIAN NEGRESCU (cu durata de 2 ani).<br \/><br \/>Un loc important \u00een activitatea de perfec\u021bionare a constituit-o \u0219i o constitue preg\u0103tirea prin doctorat. \u00cen acest domeniu departamentul are o bogat\u0103 experien\u021b\u0103. \u00cen anul 1934, c\u00e2nd \u0218coala Politehnic\u0103 din Bucure\u0219ti a ob\u021binut dreptul de a acorda gradul \u0219tiin\u021bific de doctor-inginer, catedra de Metalurgie Fizic\u0103 a acordat o mare aten\u021bie acestei activit\u0103\u021bi. Astfel, \u00een perioada 1934-1944, din cele 13 teze de doctorat ob\u021binute \u00een \u0218coala Politehnic\u0103, dou\u0103 au fost \u00een Metalurgie Fizic\u0103, conduse de profesorul dr. (\u00een \u0218tiinte Fizice), ing. Traian NEGRESCU \u0219i anume:<br \/>&#8211; I. COOK &#8211; profesor la universitarea STANDFORFD din California (SUA) &#8211; 1936;<br \/>&#8211; Nicolae I. POPESCU &#8211; profesor \u00een catedra de Metalurgie Fizic\u0103 &#8211; 1943.<br \/><br \/>Aceasta activitate s-a extins, \u00een prezent, organiz\u00e2ndu-se pe mai multe direc\u021bii \u0219i \u00een departament sunt 5 conduc\u0103tori de doctorat \u0219i circa 120 doctoranzi dintre care 16 cu frecven\u021b\u0103.\u00a0<\/p>\t\t\t\t\t\t\t\t<\/div>\n\t\t\t\t<\/div>\n\t\t\t\t\t<\/div>\n\t\t<\/div>\n\t\t\t\t\t<\/div>\n\t\t<\/section>\n\t\t\t\t<\/div>\n\t\t","protected":false},"excerpt":{"rendered":"<p>Director de Departament: Prof.dr.ing. Iulian Antoniac&#8211; Sala: JI 108&#8211; Tel: 021.402.97.48&#8211; E-mail:\u00a0antoniac.iulian@gmail.com Departamentul \u0218tiin\u021ba Materialelor Metalice, Metalurgie Fizic\u0103 \u00eesi are originea \u00een primul laborator de metalurgie \u00eenfiin\u021bat \u00een \u021bara noastr\u0103, \u00een anul 1924, \u00een \u0219coala Politehnic\u0103 din Bucure\u0219ti, de c\u0103tre profesorul inginer Ion BARBAREU, decedat \u00een anul 1960, care a predat primul curs de metalurgie [&hellip;]<\/p>\n","protected":false},"author":2,"featured_media":0,"parent":0,"menu_order":0,"comment_status":"closed","ping_status":"closed","template":"","meta":{"ocean_post_layout":"","ocean_both_sidebars_style":"","ocean_both_sidebars_content_width":0,"ocean_both_sidebars_sidebars_width":0,"ocean_sidebar":"0","ocean_second_sidebar":"0","ocean_disable_margins":"enable","ocean_add_body_class":"","ocean_shortcode_before_top_bar":"","ocean_shortcode_after_top_bar":"","ocean_shortcode_before_header":"","ocean_shortcode_after_header":"","ocean_has_shortcode":"","ocean_shortcode_after_title":"","ocean_shortcode_before_footer_widgets":"","ocean_shortcode_after_footer_widgets":"","ocean_shortcode_before_footer_bottom":"","ocean_shortcode_after_footer_bottom":"","ocean_display_top_bar":"default","ocean_display_header":"default","ocean_header_style":"","ocean_center_header_left_menu":"0","ocean_custom_header_template":"0","ocean_custom_logo":0,"ocean_custom_retina_logo":0,"ocean_custom_logo_max_width":0,"ocean_custom_logo_tablet_max_width":0,"ocean_custom_logo_mobile_max_width":0,"ocean_custom_logo_max_height":0,"ocean_custom_logo_tablet_max_height":0,"ocean_custom_logo_mobile_max_height":0,"ocean_header_custom_menu":"0","ocean_menu_typo_font_family":"0","ocean_menu_typo_font_subset":"","ocean_menu_typo_font_size":0,"ocean_menu_typo_font_size_tablet":0,"ocean_menu_typo_font_size_mobile":0,"ocean_menu_typo_font_size_unit":"px","ocean_menu_typo_font_weight":"","ocean_menu_typo_font_weight_tablet":"","ocean_menu_typo_font_weight_mobile":"","ocean_menu_typo_transform":"","ocean_menu_typo_transform_tablet":"","ocean_menu_typo_transform_mobile":"","ocean_menu_typo_line_height":0,"ocean_menu_typo_line_height_tablet":0,"ocean_menu_typo_line_height_mobile":0,"ocean_menu_typo_line_height_unit":"","ocean_menu_typo_spacing":0,"ocean_menu_typo_spacing_tablet":0,"ocean_menu_typo_spacing_mobile":0,"ocean_menu_typo_spacing_unit":"","ocean_menu_link_color":"","ocean_menu_link_color_hover":"","ocean_menu_link_color_active":"","ocean_menu_link_background":"","ocean_menu_link_hover_background":"","ocean_menu_link_active_background":"","ocean_menu_social_links_bg":"","ocean_menu_social_hover_links_bg":"","ocean_menu_social_links_color":"","ocean_menu_social_hover_links_color":"","ocean_disable_title":"default","ocean_disable_heading":"default","ocean_post_title":"","ocean_post_subheading":"","ocean_post_title_style":"","ocean_post_title_background_color":"","ocean_post_title_background":0,"ocean_post_title_bg_image_position":"","ocean_post_title_bg_image_attachment":"","ocean_post_title_bg_image_repeat":"","ocean_post_title_bg_image_size":"","ocean_post_title_height":0,"ocean_post_title_bg_overlay":0.5,"ocean_post_title_bg_overlay_color":"","ocean_disable_breadcrumbs":"default","ocean_breadcrumbs_color":"","ocean_breadcrumbs_separator_color":"","ocean_breadcrumbs_links_color":"","ocean_breadcrumbs_links_hover_color":"","ocean_display_footer_widgets":"default","ocean_display_footer_bottom":"default","ocean_custom_footer_template":"0","footnotes":"","_links_to":"","_links_to_target":""},"class_list":["post-2228","page","type-page","status-publish","hentry","entry"],"_links":{"self":[{"href":"https:\/\/www.sim.upb.ro\/index.php\/wp-json\/wp\/v2\/pages\/2228","targetHints":{"allow":["GET"]}}],"collection":[{"href":"https:\/\/www.sim.upb.ro\/index.php\/wp-json\/wp\/v2\/pages"}],"about":[{"href":"https:\/\/www.sim.upb.ro\/index.php\/wp-json\/wp\/v2\/types\/page"}],"author":[{"embeddable":true,"href":"https:\/\/www.sim.upb.ro\/index.php\/wp-json\/wp\/v2\/users\/2"}],"replies":[{"embeddable":true,"href":"https:\/\/www.sim.upb.ro\/index.php\/wp-json\/wp\/v2\/comments?post=2228"}],"version-history":[{"count":4,"href":"https:\/\/www.sim.upb.ro\/index.php\/wp-json\/wp\/v2\/pages\/2228\/revisions"}],"predecessor-version":[{"id":2232,"href":"https:\/\/www.sim.upb.ro\/index.php\/wp-json\/wp\/v2\/pages\/2228\/revisions\/2232"}],"wp:attachment":[{"href":"https:\/\/www.sim.upb.ro\/index.php\/wp-json\/wp\/v2\/media?parent=2228"}],"curies":[{"name":"wp","href":"https:\/\/api.w.org\/{rel}","templated":true}]}}