{"id":2134,"date":"2021-03-28T17:33:51","date_gmt":"2021-03-28T15:33:51","guid":{"rendered":"https:\/\/www.sim.upb.ro\/?page_id=2134"},"modified":"2024-06-07T09:15:29","modified_gmt":"2024-06-07T07:15:29","slug":"consiliul-facultatii","status":"publish","type":"page","link":"https:\/\/www.sim.upb.ro\/index.php\/consiliul-facultatii\/","title":{"rendered":"CONSILIUL FACULTATII"},"content":{"rendered":"\t\t<div data-elementor-type=\"wp-page\" data-elementor-id=\"2134\" class=\"elementor elementor-2134\">\n\t\t\t\t\t\t<section class=\"elementor-section elementor-top-section elementor-element elementor-element-57bdfa5 elementor-section-boxed elementor-section-height-default elementor-section-height-default\" data-id=\"57bdfa5\" data-element_type=\"section\">\n\t\t\t\t\t\t<div class=\"elementor-container elementor-column-gap-default\">\n\t\t\t\t\t<div class=\"elementor-column elementor-col-100 elementor-top-column elementor-element elementor-element-e8a3a2c\" data-id=\"e8a3a2c\" data-element_type=\"column\">\n\t\t\t<div class=\"elementor-widget-wrap elementor-element-populated\">\n\t\t\t\t\t\t<section class=\"elementor-section elementor-inner-section elementor-element elementor-element-83df0d3 elementor-section-boxed elementor-section-height-default elementor-section-height-default\" data-id=\"83df0d3\" data-element_type=\"section\">\n\t\t\t\t\t\t<div class=\"elementor-container elementor-column-gap-default\">\n\t\t\t\t\t<div class=\"elementor-column elementor-col-100 elementor-inner-column elementor-element elementor-element-35faf0b\" data-id=\"35faf0b\" data-element_type=\"column\">\n\t\t\t<div class=\"elementor-widget-wrap elementor-element-populated\">\n\t\t\t\t\t\t<div class=\"elementor-element elementor-element-415e2c7 elementor-widget elementor-widget-text-editor\" data-id=\"415e2c7\" data-element_type=\"widget\" data-widget_type=\"text-editor.default\">\n\t\t\t\t<div class=\"elementor-widget-container\">\n\t\t\t\t\t\t\t\t\t<p lang=\"en-US\"><strong>Departamentul de Ingineria \u015fi Managementul Ob\u0163inerii Materialelor Metalice<\/strong><\/p><p lang=\"en-US\">S.l. Ciurdas Mariana mariana.ciurdas@upb.ro<\/p><p lang=\"en-US\"><span lang=\"ro-RO\">Prof. Constantin Nicolae nicu.constantin@upb.ro<\/span><\/p><p>S.l. Dobrescu Cristian cristian.dobrescu@upb.ro\u00a0<\/p><p>Conf. Marcu Dragos Florin dragos.marcu@upb.ro<\/p><p>Prof. Semenescu Augustin asemenescu2002@yahoo.com<\/p><p lang=\"en-US\">Prof. Radu \u0218tef\u0103noiu radu.stefanoiu@upb.ro<\/p><p lang=\"en-US\"><strong>Departamentul de Procesarea Materialelor Metalice \u015fi Ingineria Mediului<\/strong><\/p><p lang=\"en-US\">Prof. Vasile D\u0103nu\u021b Cojocaru da.cojocaru@upb.ro<\/p><p>Prof. Matei Ecaterina ecaterina.matei@upb.ro<\/p><p>Prof. Cristian Predescu cristian.predescu@upb.ro<\/p><p>Prof. Sohaciu Gabriela Mirela mirela.sohaciu@upb.ro<\/p><p>Prof. Stan Constantin Stelian constantin.stan@upb.ro<\/p><p>Conf. Serban Nicolae nicolae.serban@upb.ro<\/p><p><strong>Departamentul de \u015etiin\u0163a Materialelor Metalice, Metalurgie Fizic\u0103<\/strong><strong><br \/><\/strong><\/p><p>Prof. Iulian Vasile Antoniac iulian.antoniac@upb.ro<\/p><p>Conf. Cotrut Cosmin Mihai cosmin.cotrut@upb.ro<\/p><p>Prof. Ghiban Brandusa ghibanbrandusa@yahoo.com<\/p><p>S.l. Necsulescu Alina alina.necsulescu@upb.ro<\/p><p>S.l. Octavian Trante<\/p><p>S.l. Vranceanu Diana Maria diana.vranceanu@upb.ro<\/p><p lang=\"en-US\"><strong>Discipline de Cultur\u0103 Tehnic\u0103 General\u0103<\/strong><\/p><p lang=\"en-US\">Prof. Popa Constantin costel.popa_2024@yahoo.com<\/p><p lang=\"en-US\">S.l. Ducariu Adriana Nicolae aducariu@physics.pub.ro<\/p><p lang=\"en-US\">Lect. Petrosanu Dana Mihaela dana.petrosanu@upb.ro<\/p><p><strong><br \/><\/strong><strong>Studen\u0163i<\/strong><strong><br \/><\/strong><\/p><p>Albu Delia Mariana SIA<\/p><p>Buciu Andrei Florin SIA<\/p><p>Dinu Cristian Mihai MEDIU<\/p><p>Gheorghe Andrei MATERIALE<\/p><p>Grigore Andrei Razvan SIA<\/p><p>Papuc Mihai Razvan ECONOMIC<\/p><p>Solea Mihai Andrei<\/p><p>Tudoran Elena Carmen SIA<\/p><p><strong>Invita\u0163i permanen\u0163i<\/strong><\/p><p>Prof. Petrescu Mircea IonutAugustin Semenescu &#8211; Prodecan<\/p><p>Conf. Mihai Bu\u0163u &#8211; Reprezentant USCD<\/p><p>Manea Eduard &#8211; student Senat<\/p><p>Prof. Florin Miculescu &#8211; Dir. Sc. Doctorala<\/p>\t\t\t\t\t\t\t\t<\/div>\n\t\t\t\t<\/div>\n\t\t\t\t\t<\/div>\n\t\t<\/div>\n\t\t\t\t\t<\/div>\n\t\t<\/section>\n\t\t\t\t\t<\/div>\n\t\t<\/div>\n\t\t\t\t\t<\/div>\n\t\t<\/section>\n\t\t\t\t<\/div>\n\t\t","protected":false},"excerpt":{"rendered":"<p>Departamentul de Ingineria \u015fi Managementul Ob\u0163inerii Materialelor Metalice S.l. Ciurdas Mariana mariana.ciurdas@upb.ro Prof. Constantin Nicolae nicu.constantin@upb.ro S.l. Dobrescu Cristian cristian.dobrescu@upb.ro\u00a0 Conf. Marcu Dragos Florin dragos.marcu@upb.ro Prof. Semenescu Augustin asemenescu2002@yahoo.com Prof. Radu \u0218tef\u0103noiu radu.stefanoiu@upb.ro Departamentul de Procesarea Materialelor Metalice \u015fi Ingineria Mediului Prof. Vasile D\u0103nu\u021b Cojocaru da.cojocaru@upb.ro Prof. Matei Ecaterina ecaterina.matei@upb.ro Prof. Cristian Predescu cristian.predescu@upb.ro Prof. [&hellip;]<\/p>\n","protected":false},"author":2,"featured_media":0,"parent":0,"menu_order":0,"comment_status":"closed","ping_status":"closed","template":"","meta":{"ocean_post_layout":"","ocean_both_sidebars_style":"","ocean_both_sidebars_content_width":0,"ocean_both_sidebars_sidebars_width":0,"ocean_sidebar":"0","ocean_second_sidebar":"0","ocean_disable_margins":"enable","ocean_add_body_class":"","ocean_shortcode_before_top_bar":"","ocean_shortcode_after_top_bar":"","ocean_shortcode_before_header":"","ocean_shortcode_after_header":"","ocean_has_shortcode":"","ocean_shortcode_after_title":"","ocean_shortcode_before_footer_widgets":"","ocean_shortcode_after_footer_widgets":"","ocean_shortcode_before_footer_bottom":"","ocean_shortcode_after_footer_bottom":"","ocean_display_top_bar":"default","ocean_display_header":"default","ocean_header_style":"","ocean_center_header_left_menu":"0","ocean_custom_header_template":"0","ocean_custom_logo":0,"ocean_custom_retina_logo":0,"ocean_custom_logo_max_width":0,"ocean_custom_logo_tablet_max_width":0,"ocean_custom_logo_mobile_max_width":0,"ocean_custom_logo_max_height":0,"ocean_custom_logo_tablet_max_height":0,"ocean_custom_logo_mobile_max_height":0,"ocean_header_custom_menu":"0","ocean_menu_typo_font_family":"0","ocean_menu_typo_font_subset":"","ocean_menu_typo_font_size":0,"ocean_menu_typo_font_size_tablet":0,"ocean_menu_typo_font_size_mobile":0,"ocean_menu_typo_font_size_unit":"px","ocean_menu_typo_font_weight":"","ocean_menu_typo_font_weight_tablet":"","ocean_menu_typo_font_weight_mobile":"","ocean_menu_typo_transform":"","ocean_menu_typo_transform_tablet":"","ocean_menu_typo_transform_mobile":"","ocean_menu_typo_line_height":0,"ocean_menu_typo_line_height_tablet":0,"ocean_menu_typo_line_height_mobile":0,"ocean_menu_typo_line_height_unit":"","ocean_menu_typo_spacing":0,"ocean_menu_typo_spacing_tablet":0,"ocean_menu_typo_spacing_mobile":0,"ocean_menu_typo_spacing_unit":"","ocean_menu_link_color":"","ocean_menu_link_color_hover":"","ocean_menu_link_color_active":"","ocean_menu_link_background":"","ocean_menu_link_hover_background":"","ocean_menu_link_active_background":"","ocean_menu_social_links_bg":"","ocean_menu_social_hover_links_bg":"","ocean_menu_social_links_color":"","ocean_menu_social_hover_links_color":"","ocean_disable_title":"default","ocean_disable_heading":"default","ocean_post_title":"","ocean_post_subheading":"","ocean_post_title_style":"","ocean_post_title_background_color":"","ocean_post_title_background":0,"ocean_post_title_bg_image_position":"","ocean_post_title_bg_image_attachment":"","ocean_post_title_bg_image_repeat":"","ocean_post_title_bg_image_size":"","ocean_post_title_height":0,"ocean_post_title_bg_overlay":0.5,"ocean_post_title_bg_overlay_color":"","ocean_disable_breadcrumbs":"default","ocean_breadcrumbs_color":"","ocean_breadcrumbs_separator_color":"","ocean_breadcrumbs_links_color":"","ocean_breadcrumbs_links_hover_color":"","ocean_display_footer_widgets":"default","ocean_display_footer_bottom":"default","ocean_custom_footer_template":"0","footnotes":"","_links_to":"","_links_to_target":""},"class_list":["post-2134","page","type-page","status-publish","hentry","entry"],"_links":{"self":[{"href":"https:\/\/www.sim.upb.ro\/index.php\/wp-json\/wp\/v2\/pages\/2134","targetHints":{"allow":["GET"]}}],"collection":[{"href":"https:\/\/www.sim.upb.ro\/index.php\/wp-json\/wp\/v2\/pages"}],"about":[{"href":"https:\/\/www.sim.upb.ro\/index.php\/wp-json\/wp\/v2\/types\/page"}],"author":[{"embeddable":true,"href":"https:\/\/www.sim.upb.ro\/index.php\/wp-json\/wp\/v2\/users\/2"}],"replies":[{"embeddable":true,"href":"https:\/\/www.sim.upb.ro\/index.php\/wp-json\/wp\/v2\/comments?post=2134"}],"version-history":[{"count":25,"href":"https:\/\/www.sim.upb.ro\/index.php\/wp-json\/wp\/v2\/pages\/2134\/revisions"}],"predecessor-version":[{"id":5257,"href":"https:\/\/www.sim.upb.ro\/index.php\/wp-json\/wp\/v2\/pages\/2134\/revisions\/5257"}],"wp:attachment":[{"href":"https:\/\/www.sim.upb.ro\/index.php\/wp-json\/wp\/v2\/media?parent=2134"}],"curies":[{"name":"wp","href":"https:\/\/api.w.org\/{rel}","templated":true}]}}