{"id":1013,"date":"2021-03-14T10:50:46","date_gmt":"2021-03-14T08:50:46","guid":{"rendered":"https:\/\/www.sim.upb.ro\/?page_id=1013"},"modified":"2021-03-14T10:52:02","modified_gmt":"2021-03-14T08:52:02","slug":"eliberari-documente","status":"publish","type":"page","link":"https:\/\/www.sim.upb.ro\/index.php\/eliberari-documente\/","title":{"rendered":"ELIBERARI DOCUMENTE"},"content":{"rendered":"\t\t<div data-elementor-type=\"wp-page\" data-elementor-id=\"1013\" class=\"elementor elementor-1013\">\n\t\t\t\t\t\t<section class=\"elementor-section elementor-top-section elementor-element elementor-element-c7f2e44 elementor-section-boxed elementor-section-height-default elementor-section-height-default\" data-id=\"c7f2e44\" data-element_type=\"section\">\n\t\t\t\t\t\t<div class=\"elementor-container elementor-column-gap-default\">\n\t\t\t\t\t<div class=\"elementor-column elementor-col-100 elementor-top-column elementor-element elementor-element-97077b7\" data-id=\"97077b7\" data-element_type=\"column\">\n\t\t\t<div class=\"elementor-widget-wrap elementor-element-populated\">\n\t\t\t\t\t\t<div class=\"elementor-element elementor-element-ba63198 elementor-widget elementor-widget-text-editor\" data-id=\"ba63198\" data-element_type=\"widget\" data-widget_type=\"text-editor.default\">\n\t\t\t\t<div class=\"elementor-widget-container\">\n\t\t\t\t\t\t\t\t\t<p>Secretar facultate<\/p><p>Gabriela Havarneanu &#8211;\u00a0<span id=\"cloak71cf0a4773617e955626a72eb48c13af\"><a href=\"mailto:gabriela.havarneanu@upb.ro\">gabriela.havarneanu@upb.ro<\/a><\/span><\/p><p>Tel. 021 402 9586<\/p><p>\u00a0<\/p><p><b>Eliberare de Adeverinte de studii pentru absolventi<br \/><\/b>Acte necesare:<br \/>&#8211; cerere scrisa (<a href=\"http:\/\/141.85.206.9\/images\/pdf\/tipizate\/cerere_adeverinte_vechime.pdf\" target=\"_blank\" rel=\"noopener\">model cerere<\/a>)<br \/>&#8211; copie dupa diploma<br \/>&#8211; copie dupa foaia matricola \/ anexa la diploma<br \/>&#8211; copie C.I.<br \/>Absolventii care solicita eliberarea adeverintei de studii prin posta, sunt rugati sa completeze corect adresa (inclusiv codul postal).<\/p><p><b><br \/>Eliberare de Foaie Matricola<br \/><\/b>Acte necesare:<br \/>&#8211; cerere scrisa (<a href=\"http:\/\/141.85.206.9\/pdf\/tipizate\/Model-eliberare%20foaie%20matricola.pdf\" target=\"_blank\" rel=\"noopener\">model cerere<\/a>)<br \/>&#8211; copie dupa diploma<br \/><b><br \/>Eliberare de Pograma analitica<br \/><\/b>Acte necesare:<br \/>&#8211; cerere scrisa (<a href=\"http:\/\/141.85.206.9\/pdf\/tipizate\/Model-eliberare%20programa%20analitica.pdf\" target=\"_blank\" rel=\"noopener\">model cerere<\/a>)<br \/>&#8211; copie dupa diploma<br \/>-copie dupa foaia matricola \/ anexa la diploma<\/p><p>\u00a0<\/p><p><br \/><b>Eliberare de duplicate dupa acte de studii<br \/>(1)<\/b>\u00a0Pentru eliberarea duplicatului unui act de studii, titularul adreseaza, \u00een scris,conducerii institutiei:<br \/>&#8211; cerere scrisa;<br \/>&#8211; declaratie scrisa a titularului actului, autentificata la notariat, \u00een care sunt cuprinse toate elementele necesare pentru identificare si \u00eemprejurarile \u00een care actul a fost pierdut, distrus complet sau deteriorat partial;<br \/>&#8211; copie legalizata a certificatului de nastere;<br \/>&#8211; doua fotografii -realizate recent, pe h\u00e2rtie fotografica, color, format 3 x 4 cm -ale titularului actului;<br \/>&#8211; dovada publicarii \u00een Monitorul Oficial al Rom\u00e2niei, Partea a III-a, a pierderii actului de studii respectiv -\u00een cazul unui act de studii pierdut sau actului de studii \u00een cauza -daca acesta este deteriorat partial;<br \/>&#8211; dovada platii taxei pentru eliberarea duplicatului.<\/p><p>Depunerea la institutie a documentelor prevazute la alin. (1) se poate efectua de catre titularul actului de studii \u00een cauza sau de \u00eemputernicitul acestuia.<\/p><p><b>(3)<\/b>\u00a0Pentru publicarea pierderii unui act de studii, titularul acestuia se adreseaza Regiei Autonome &#8220;Monitorului Oficial&#8221;, anuntul urm\u00e2nd sa cuprinda urmatoarele date:<br \/>&#8211; denumirea actului de studii original;<br \/>&#8211; numele, initiala\/initialele prenumelui\/prenumelor tatalui (mamei), prenumele titularului;<br \/>&#8211; anul finalizarii studiilor \u00een cauza; seria si numarul actului respectiv, numarul si data la care a fost \u00eenregistrat \u00een registrul de evidenta a eliberarii actelor de studii;<br \/>&#8211; denumirea institutiei emitente.<\/p><p><b><br \/>CONFIRMARI DE ACTE<\/b><\/p><p>Universitatea POLITEHNICA din Bucuresti poate trimite la o adresa ceruta de Dumneavoastra copii confirmate dupa Diploma de inginer si anexa la diploma (foaia matricola), intr-un plic sigilat cu stampila Universitatii.<br \/><br \/>Deoarece originalele actelor mentionate mai sus sunt in posesia Dumneavoastra, avem nevoie de copii dupa aceste acte (aduse de cineva sau transmise prin fax la nr. 402.98.72). Aceste copii vor fi confirmate (in scris), semnate si stampilate.<\/p><p>Conform Deciziei Senatului Universitatii Politehnica din Bucuresti,\u00a0<b>Nr.150\/23.06.2005,<\/b>\u00a0taxele pentru eliberarea, intr-un plic sigilat, a unei confirmari a datelor inscrise pe un act de studii\u00a0 sunt urmatoarele:<\/p><ul><li><b>2.500.000 ROL (250 RON)\/copie\u00a0<\/b>platibili la casieria U.P.B.;<\/li><li><b>90 USD\/copie + 5 USD taxe postale\u00a0<\/b>platibili prin transfer bancar:\u00a0<b>BANCA COMERCIALA ROMANA, Agentia POLITEHNICA, Splaiul Independentei 313, sector 6, Bucuresti, ROMANIA.<\/b><\/li><\/ul><p><b>UPB Account number: RO62RNCB0077000506250006; COD SWIFT: RNCBROXXX<\/b><\/p>\t\t\t\t\t\t\t\t<\/div>\n\t\t\t\t<\/div>\n\t\t\t\t\t<\/div>\n\t\t<\/div>\n\t\t\t\t\t<\/div>\n\t\t<\/section>\n\t\t\t\t<\/div>\n\t\t","protected":false},"excerpt":{"rendered":"<p>Secretar facultate Gabriela Havarneanu &#8211;\u00a0gabriela.havarneanu@upb.ro Tel. 021 402 9586 \u00a0 Eliberare de Adeverinte de studii pentru absolventiActe necesare:&#8211; cerere scrisa (model cerere)&#8211; copie dupa diploma&#8211; copie dupa foaia matricola \/ anexa la diploma&#8211; copie C.I.Absolventii care solicita eliberarea adeverintei de studii prin posta, sunt rugati sa completeze corect adresa (inclusiv codul postal). Eliberare de Foaie [&hellip;]<\/p>\n","protected":false},"author":2,"featured_media":0,"parent":0,"menu_order":0,"comment_status":"closed","ping_status":"closed","template":"","meta":{"ocean_post_layout":"","ocean_both_sidebars_style":"","ocean_both_sidebars_content_width":0,"ocean_both_sidebars_sidebars_width":0,"ocean_sidebar":"","ocean_second_sidebar":"","ocean_disable_margins":"enable","ocean_add_body_class":"","ocean_shortcode_before_top_bar":"","ocean_shortcode_after_top_bar":"","ocean_shortcode_before_header":"","ocean_shortcode_after_header":"","ocean_has_shortcode":"","ocean_shortcode_after_title":"","ocean_shortcode_before_footer_widgets":"","ocean_shortcode_after_footer_widgets":"","ocean_shortcode_before_footer_bottom":"","ocean_shortcode_after_footer_bottom":"","ocean_display_top_bar":"default","ocean_display_header":"default","ocean_header_style":"","ocean_center_header_left_menu":"","ocean_custom_header_template":"","ocean_custom_logo":0,"ocean_custom_retina_logo":0,"ocean_custom_logo_max_width":0,"ocean_custom_logo_tablet_max_width":0,"ocean_custom_logo_mobile_max_width":0,"ocean_custom_logo_max_height":0,"ocean_custom_logo_tablet_max_height":0,"ocean_custom_logo_mobile_max_height":0,"ocean_header_custom_menu":"","ocean_menu_typo_font_family":"","ocean_menu_typo_font_subset":"","ocean_menu_typo_font_size":0,"ocean_menu_typo_font_size_tablet":0,"ocean_menu_typo_font_size_mobile":0,"ocean_menu_typo_font_size_unit":"px","ocean_menu_typo_font_weight":"","ocean_menu_typo_font_weight_tablet":"","ocean_menu_typo_font_weight_mobile":"","ocean_menu_typo_transform":"","ocean_menu_typo_transform_tablet":"","ocean_menu_typo_transform_mobile":"","ocean_menu_typo_line_height":0,"ocean_menu_typo_line_height_tablet":0,"ocean_menu_typo_line_height_mobile":0,"ocean_menu_typo_line_height_unit":"","ocean_menu_typo_spacing":0,"ocean_menu_typo_spacing_tablet":0,"ocean_menu_typo_spacing_mobile":0,"ocean_menu_typo_spacing_unit":"","ocean_menu_link_color":"","ocean_menu_link_color_hover":"","ocean_menu_link_color_active":"","ocean_menu_link_background":"","ocean_menu_link_hover_background":"","ocean_menu_link_active_background":"","ocean_menu_social_links_bg":"","ocean_menu_social_hover_links_bg":"","ocean_menu_social_links_color":"","ocean_menu_social_hover_links_color":"","ocean_disable_title":"default","ocean_disable_heading":"default","ocean_post_title":"","ocean_post_subheading":"","ocean_post_title_style":"","ocean_post_title_background_color":"","ocean_post_title_background":0,"ocean_post_title_bg_image_position":"","ocean_post_title_bg_image_attachment":"","ocean_post_title_bg_image_repeat":"","ocean_post_title_bg_image_size":"","ocean_post_title_height":0,"ocean_post_title_bg_overlay":0.5,"ocean_post_title_bg_overlay_color":"","ocean_disable_breadcrumbs":"default","ocean_breadcrumbs_color":"","ocean_breadcrumbs_separator_color":"","ocean_breadcrumbs_links_color":"","ocean_breadcrumbs_links_hover_color":"","ocean_display_footer_widgets":"default","ocean_display_footer_bottom":"default","ocean_custom_footer_template":"","footnotes":"","_links_to":"","_links_to_target":""},"class_list":["post-1013","page","type-page","status-publish","hentry","entry"],"_links":{"self":[{"href":"https:\/\/www.sim.upb.ro\/index.php\/wp-json\/wp\/v2\/pages\/1013","targetHints":{"allow":["GET"]}}],"collection":[{"href":"https:\/\/www.sim.upb.ro\/index.php\/wp-json\/wp\/v2\/pages"}],"about":[{"href":"https:\/\/www.sim.upb.ro\/index.php\/wp-json\/wp\/v2\/types\/page"}],"author":[{"embeddable":true,"href":"https:\/\/www.sim.upb.ro\/index.php\/wp-json\/wp\/v2\/users\/2"}],"replies":[{"embeddable":true,"href":"https:\/\/www.sim.upb.ro\/index.php\/wp-json\/wp\/v2\/comments?post=1013"}],"version-history":[{"count":4,"href":"https:\/\/www.sim.upb.ro\/index.php\/wp-json\/wp\/v2\/pages\/1013\/revisions"}],"predecessor-version":[{"id":1017,"href":"https:\/\/www.sim.upb.ro\/index.php\/wp-json\/wp\/v2\/pages\/1013\/revisions\/1017"}],"wp:attachment":[{"href":"https:\/\/www.sim.upb.ro\/index.php\/wp-json\/wp\/v2\/media?parent=1013"}],"curies":[{"name":"wp","href":"https:\/\/api.w.org\/{rel}","templated":true}]}}